{"id":129076,"date":"2024-09-30T08:02:30","date_gmt":"2024-09-30T05:02:30","guid":{"rendered":"https:\/\/bas-tv.md\/?page_id=129076"},"modified":"2024-09-30T08:05:38","modified_gmt":"2024-09-30T05:05:38","slug":"alegeri-2024","status":"publish","type":"page","link":"https:\/\/bas-tv.md\/ro\/alegeri-2024\/","title":{"rendered":"Alegeri-2024"},"content":{"rendered":"\t\t<div data-elementor-type=\"wp-page\" data-elementor-id=\"129076\" class=\"elementor elementor-129076\">\n\t\t\t\t<div class=\"has_eae_slider elementor-element elementor-element-2f367d2e e-flex e-con-boxed e-con e-parent\" data-eae-slider=\"15939\" data-id=\"2f367d2e\" data-element_type=\"container\" data-e-type=\"container\">\n\t\t\t\t\t<div class=\"e-con-inner\">\n\t\t<div class=\"has_eae_slider elementor-element elementor-element-5d36db92 e-con-full e-flex e-con e-child\" data-eae-slider=\"59926\" data-id=\"5d36db92\" data-element_type=\"container\" data-e-type=\"container\">\n\t\t\t\t<div class=\"elementor-element elementor-element-60015224 elementor-nav-menu--dropdown-tablet elementor-nav-menu__text-align-aside elementor-nav-menu--toggle elementor-nav-menu--burger elementor-widget elementor-widget-nav-menu\" data-id=\"60015224\" data-element_type=\"widget\" data-e-type=\"widget\" data-settings=\"{&quot;layout&quot;:&quot;horizontal&quot;,&quot;submenu_icon&quot;:{&quot;value&quot;:&quot;&lt;i class=\\&quot;fas fa-caret-down\\&quot;&gt;&lt;\\\/i&gt;&quot;,&quot;library&quot;:&quot;fa-solid&quot;},&quot;toggle&quot;:&quot;burger&quot;}\" data-widget_type=\"nav-menu.default\">\n\t\t\t\t<div class=\"elementor-widget-container\">\n\t\t\t\t\t\t\t\t<nav migration_allowed=\"1\" migrated=\"0\" role=\"navigation\" class=\"elementor-nav-menu--main elementor-nav-menu__container elementor-nav-menu--layout-horizontal e--pointer-none\">\n\t\t\t\t<ul id=\"menu-1-60015224\" class=\"elementor-nav-menu\"><li class=\"menu-item menu-item-type-taxonomy menu-item-object-category menu-item-85290\"><a href=\"https:\/\/bas-tv.md\/ro\/category\/diverse\/istorii-ro\/\" class=\"elementor-item\">Istorii<\/a><\/li>\n<li class=\"menu-item menu-item-type-taxonomy menu-item-object-category menu-item-85291\"><a href=\"https:\/\/bas-tv.md\/ro\/category\/diverse\/sondaje\/\" class=\"elementor-item\">Sondaje<\/a><\/li>\n<li class=\"menu-item menu-item-type-taxonomy menu-item-object-category menu-item-85292\"><a href=\"https:\/\/bas-tv.md\/ro\/category\/divertisment\/\" class=\"elementor-item\">Divertisment<\/a><\/li>\n<li class=\"menu-item menu-item-type-taxonomy menu-item-object-category menu-item-has-children menu-item-85318\"><a href=\"https:\/\/bas-tv.md\/ro\/category\/proiectele-noastre\/\" class=\"elementor-item\">Proiectele noastre<\/a>\n<ul class=\"sub-menu elementor-nav-menu--dropdown\">\n\t<li class=\"menu-item menu-item-type-taxonomy menu-item-object-category menu-item-133053\"><a href=\"https:\/\/bas-tv.md\/ro\/category\/alegeri-2024\/\" class=\"elementor-sub-item\">Alegeri-2024<\/a><\/li>\n\t<li class=\"menu-item menu-item-type-taxonomy menu-item-object-category menu-item-85319\"><a href=\"https:\/\/bas-tv.md\/ro\/category\/proiectele-noastre\/cartierul-tineretului-ro\/\" class=\"elementor-sub-item\">Cartierul Tineretului<\/a><\/li>\n\t<li class=\"menu-item menu-item-type-taxonomy menu-item-object-category menu-item-85321\"><a href=\"https:\/\/bas-tv.md\/ro\/category\/proiectele-noastre\/fara-filtru\/\" class=\"elementor-sub-item\">F\u0103r\u0103 filtru<\/a><\/li>\n\t<li class=\"menu-item menu-item-type-taxonomy menu-item-object-category menu-item-85320\"><a href=\"https:\/\/bas-tv.md\/ro\/category\/proiectele-noastre\/emisiuni-ro\/\" class=\"elementor-sub-item\">Emisiuni<\/a><\/li>\n\t<li class=\"menu-item menu-item-type-taxonomy menu-item-object-category menu-item-85322\"><a href=\"https:\/\/bas-tv.md\/ro\/category\/proiectele-noastre\/sa-ne-amintim\/\" class=\"elementor-sub-item\">S\u0103 ne amintim<\/a><\/li>\n<\/ul>\n<\/li>\n<\/ul>\t\t\t<\/nav>\n\t\t\t\t\t<div class=\"elementor-menu-toggle\" role=\"button\" tabindex=\"0\" aria-label=\"Menu Toggle\" aria-expanded=\"false\">\n\t\t\t<i aria-hidden=\"true\" role=\"presentation\" class=\"elementor-menu-toggle__icon--open eicon-menu-bar\"><\/i><i aria-hidden=\"true\" role=\"presentation\" class=\"elementor-menu-toggle__icon--close eicon-close\"><\/i>\t\t\t<span class=\"elementor-screen-only\">Menu<\/span>\n\t\t<\/div>\n\t\t\t<nav class=\"elementor-nav-menu--dropdown elementor-nav-menu__container\" role=\"navigation\" aria-hidden=\"true\">\n\t\t\t\t<ul id=\"menu-2-60015224\" class=\"elementor-nav-menu\"><li class=\"menu-item menu-item-type-taxonomy menu-item-object-category menu-item-85290\"><a href=\"https:\/\/bas-tv.md\/ro\/category\/diverse\/istorii-ro\/\" class=\"elementor-item\" tabindex=\"-1\">Istorii<\/a><\/li>\n<li class=\"menu-item menu-item-type-taxonomy menu-item-object-category menu-item-85291\"><a href=\"https:\/\/bas-tv.md\/ro\/category\/diverse\/sondaje\/\" class=\"elementor-item\" tabindex=\"-1\">Sondaje<\/a><\/li>\n<li class=\"menu-item menu-item-type-taxonomy menu-item-object-category menu-item-85292\"><a href=\"https:\/\/bas-tv.md\/ro\/category\/divertisment\/\" class=\"elementor-item\" tabindex=\"-1\">Divertisment<\/a><\/li>\n<li class=\"menu-item menu-item-type-taxonomy menu-item-object-category menu-item-has-children menu-item-85318\"><a href=\"https:\/\/bas-tv.md\/ro\/category\/proiectele-noastre\/\" class=\"elementor-item\" tabindex=\"-1\">Proiectele noastre<\/a>\n<ul class=\"sub-menu elementor-nav-menu--dropdown\">\n\t<li class=\"menu-item menu-item-type-taxonomy menu-item-object-category menu-item-133053\"><a href=\"https:\/\/bas-tv.md\/ro\/category\/alegeri-2024\/\" class=\"elementor-sub-item\" tabindex=\"-1\">Alegeri-2024<\/a><\/li>\n\t<li class=\"menu-item menu-item-type-taxonomy menu-item-object-category menu-item-85319\"><a href=\"https:\/\/bas-tv.md\/ro\/category\/proiectele-noastre\/cartierul-tineretului-ro\/\" class=\"elementor-sub-item\" tabindex=\"-1\">Cartierul Tineretului<\/a><\/li>\n\t<li class=\"menu-item menu-item-type-taxonomy menu-item-object-category menu-item-85321\"><a href=\"https:\/\/bas-tv.md\/ro\/category\/proiectele-noastre\/fara-filtru\/\" class=\"elementor-sub-item\" tabindex=\"-1\">F\u0103r\u0103 filtru<\/a><\/li>\n\t<li class=\"menu-item menu-item-type-taxonomy menu-item-object-category menu-item-85320\"><a href=\"https:\/\/bas-tv.md\/ro\/category\/proiectele-noastre\/emisiuni-ro\/\" class=\"elementor-sub-item\" tabindex=\"-1\">Emisiuni<\/a><\/li>\n\t<li class=\"menu-item menu-item-type-taxonomy menu-item-object-category menu-item-85322\"><a href=\"https:\/\/bas-tv.md\/ro\/category\/proiectele-noastre\/sa-ne-amintim\/\" class=\"elementor-sub-item\" tabindex=\"-1\">S\u0103 ne amintim<\/a><\/li>\n<\/ul>\n<\/li>\n<\/ul>\t\t\t<\/nav>\n\t\t\t\t\t\t<\/div>\n\t\t\t\t<\/div>\n\t\t\t\t<\/div>\n\t\t\t\t\t<\/div>\n\t\t\t\t<\/div>\n\t\t<div class=\"has_eae_slider elementor-element elementor-element-47087fbf e-flex e-con-boxed e-con e-parent\" data-eae-slider=\"32213\" data-id=\"47087fbf\" data-element_type=\"container\" data-e-type=\"container\">\n\t\t\t\t\t<div class=\"e-con-inner\">\n\t\t\t\t<div class=\"elementor-element elementor-element-15ff1b3d elementor-widget elementor-widget-heading\" data-id=\"15ff1b3d\" data-element_type=\"widget\" data-e-type=\"widget\" data-widget_type=\"heading.default\">\n\t\t\t\t<div class=\"elementor-widget-container\">\n\t\t\t\t\t<span class=\"elementor-heading-title elementor-size-default\">Alegeri-2024<\/span>\t\t\t\t<\/div>\n\t\t\t\t<\/div>\n\t\t\t\t<div class=\"elementor-element elementor-element-4eb48cc6 elementor-grid-3 elementor-grid-tablet-2 elementor-grid-mobile-1 elementor-posts--thumbnail-top elementor-widget elementor-widget-posts\" data-id=\"4eb48cc6\" data-element_type=\"widget\" data-e-type=\"widget\" data-settings=\"{&quot;classic_row_gap&quot;:{&quot;unit&quot;:&quot;px&quot;,&quot;size&quot;:30,&quot;sizes&quot;:[]},&quot;classic_columns&quot;:&quot;3&quot;,&quot;classic_columns_tablet&quot;:&quot;2&quot;,&quot;classic_columns_mobile&quot;:&quot;1&quot;,&quot;classic_row_gap_tablet&quot;:{&quot;unit&quot;:&quot;px&quot;,&quot;size&quot;:&quot;&quot;,&quot;sizes&quot;:[]},&quot;classic_row_gap_mobile&quot;:{&quot;unit&quot;:&quot;px&quot;,&quot;size&quot;:&quot;&quot;,&quot;sizes&quot;:[]}}\" data-widget_type=\"posts.classic\">\n\t\t\t\t<div class=\"elementor-widget-container\">\n\t\t\t\t\t\t\t<div class=\"elementor-posts-container elementor-posts elementor-posts--skin-classic elementor-grid\">\n\t\t\t\t<article class=\"elementor-post elementor-grid-item post-130914 post type-post status-publish format-standard has-post-thumbnail hentry category-actualitate category-alegeri-2024 category-in-moldova tag-alexandr-stoianoglo tag-dezbateri-electorale tag-maia-sandu tag-moderator-ro\">\n\t\t\t\t<a class=\"elementor-post__thumbnail__link\" href=\"https:\/\/bas-tv.md\/ro\/maia-sandu-propune-dezbatere-fara-moderatori\/\" >\n\t\t\t<div class=\"elementor-post__thumbnail\"><img fetchpriority=\"high\" decoding=\"async\" width=\"1280\" height=\"960\" src=\"https:\/\/bas-tv.md\/wp-content\/uploads\/2024\/10\/c8e4c619-d413-41e9-b40d-31a8c26823fa.jpg\" class=\"attachment-2048x2048 size-2048x2048 wp-image-130918\" alt=\"Maia Sandu propune dezbatere f\u0103r\u0103 moderatori\" srcset=\"https:\/\/bas-tv.md\/wp-content\/uploads\/2024\/10\/c8e4c619-d413-41e9-b40d-31a8c26823fa.jpg 1280w, https:\/\/bas-tv.md\/wp-content\/uploads\/2024\/10\/c8e4c619-d413-41e9-b40d-31a8c26823fa-300x225.jpg 300w, https:\/\/bas-tv.md\/wp-content\/uploads\/2024\/10\/c8e4c619-d413-41e9-b40d-31a8c26823fa-1024x768.jpg 1024w, https:\/\/bas-tv.md\/wp-content\/uploads\/2024\/10\/c8e4c619-d413-41e9-b40d-31a8c26823fa-768x576.jpg 768w, https:\/\/bas-tv.md\/wp-content\/uploads\/2024\/10\/c8e4c619-d413-41e9-b40d-31a8c26823fa-1200x900.jpg 1200w\" sizes=\"(max-width: 1280px) 100vw, 1280px\" \/><\/div>\n\t\t<\/a>\n\t\t\t\t<div class=\"elementor-post__text\">\n\t\t\t\t<h3 class=\"elementor-post__title\">\n\t\t\t<a href=\"https:\/\/bas-tv.md\/ro\/maia-sandu-propune-dezbatere-fara-moderatori\/\" >\n\t\t\t\tMaia Sandu propune dezbatere f\u0103r\u0103 moderatori\t\t\t<\/a>\n\t\t<\/h3>\n\t\t\t\t<\/div>\n\t\t\t\t<\/article>\n\t\t\t\t<article class=\"elementor-post elementor-grid-item post-130886 post type-post status-publish format-standard has-post-thumbnail hentry category-actualitate category-alegeri-2024 category-in-moldova tag-candidatii-la-alegerile tag-candidatii-la-alegerile-prezidentiale tag-consiliul-de-presa tag-dezbateri-electorale\">\n\t\t\t\t<a class=\"elementor-post__thumbnail__link\" href=\"https:\/\/bas-tv.md\/ro\/consiliul-de-presa-solicita-candidatilor-la-functia-de-presedinte-sa-respecte-reglementarile-dezbaterilor-electorale\/\" >\n\t\t\t<div class=\"elementor-post__thumbnail\"><img decoding=\"async\" width=\"587\" height=\"386\" src=\"https:\/\/bas-tv.md\/wp-content\/uploads\/2024\/10\/6a2bcf69-eecf-43c2-bfd7-ba679e868bc9.jpg\" class=\"attachment-2048x2048 size-2048x2048 wp-image-130888\" alt=\"Consiliul de Pres\u0103 solicit\u0103 candida\u021bilor la func\u021bia de Pre\u0219edinte s\u0103 respecte reglement\u0103rile dezbaterilor electorale\" srcset=\"https:\/\/bas-tv.md\/wp-content\/uploads\/2024\/10\/6a2bcf69-eecf-43c2-bfd7-ba679e868bc9.jpg 587w, https:\/\/bas-tv.md\/wp-content\/uploads\/2024\/10\/6a2bcf69-eecf-43c2-bfd7-ba679e868bc9-300x197.jpg 300w\" sizes=\"(max-width: 587px) 100vw, 587px\" \/><\/div>\n\t\t<\/a>\n\t\t\t\t<div class=\"elementor-post__text\">\n\t\t\t\t<h3 class=\"elementor-post__title\">\n\t\t\t<a href=\"https:\/\/bas-tv.md\/ro\/consiliul-de-presa-solicita-candidatilor-la-functia-de-presedinte-sa-respecte-reglementarile-dezbaterilor-electorale\/\" >\n\t\t\t\tConsiliul de Pres\u0103 solicit\u0103 candida\u021bilor la func\u021bia de Pre\u0219edinte s\u0103 respecte reglement\u0103rile dezbaterilor electorale\t\t\t<\/a>\n\t\t<\/h3>\n\t\t\t\t<\/div>\n\t\t\t\t<\/article>\n\t\t\t\t<article class=\"elementor-post elementor-grid-item post-130798 post type-post status-publish format-standard has-post-thumbnail hentry category-actualitate category-alegeri-2024 category-in-moldova tag-cec tag-cimislia tag-referendumul-constitutional tag-referendum-2024-ro\">\n\t\t\t\t<a class=\"elementor-post__thumbnail__link\" href=\"https:\/\/bas-tv.md\/ro\/referendum-2024-divizare-aproape-egala-intre-sustinatorii-si-oponentii-integrarii-europene-la-cimislia\/\" >\n\t\t\t<div class=\"elementor-post__thumbnail\"><img decoding=\"async\" width=\"1366\" height=\"768\" src=\"https:\/\/bas-tv.md\/wp-content\/uploads\/2024\/10\/8-2.jpg\" class=\"attachment-2048x2048 size-2048x2048 wp-image-130803\" alt=\"Referendum 2024: Divizare aproape egal\u0103 \u00eentre sus\u021bin\u0103torii \u0219i oponen\u021bii integr\u0103rii europene la Cimi\u0219lia\" srcset=\"https:\/\/bas-tv.md\/wp-content\/uploads\/2024\/10\/8-2.jpg 1366w, https:\/\/bas-tv.md\/wp-content\/uploads\/2024\/10\/8-2-300x169.jpg 300w, https:\/\/bas-tv.md\/wp-content\/uploads\/2024\/10\/8-2-1024x576.jpg 1024w, https:\/\/bas-tv.md\/wp-content\/uploads\/2024\/10\/8-2-768x432.jpg 768w, https:\/\/bas-tv.md\/wp-content\/uploads\/2024\/10\/8-2-1200x675.jpg 1200w\" sizes=\"(max-width: 1366px) 100vw, 1366px\" \/><\/div>\n\t\t<\/a>\n\t\t\t\t<div class=\"elementor-post__text\">\n\t\t\t\t<h3 class=\"elementor-post__title\">\n\t\t\t<a href=\"https:\/\/bas-tv.md\/ro\/referendum-2024-divizare-aproape-egala-intre-sustinatorii-si-oponentii-integrarii-europene-la-cimislia\/\" >\n\t\t\t\tReferendum 2024: Divizare aproape egal\u0103 \u00eentre sus\u021bin\u0103torii \u0219i oponen\u021bii integr\u0103rii europene la Cimi\u0219lia\t\t\t<\/a>\n\t\t<\/h3>\n\t\t\t\t<\/div>\n\t\t\t\t<\/article>\n\t\t\t\t<article class=\"elementor-post elementor-grid-item post-130773 post type-post status-publish format-standard has-post-thumbnail hentry category-actualitate category-alegeri-2024 category-in-moldova tag-alegeri tag-alegeri-2024 tag-cec tag-stoianoglo tag-turul-ii tag-sandu-ro\">\n\t\t\t\t<a class=\"elementor-post__thumbnail__link\" href=\"https:\/\/bas-tv.md\/ro\/turul-ii-al-alegerilor-prezidentiale-din-republica-moldova-detalii-si-context\/\" >\n\t\t\t<div class=\"elementor-post__thumbnail\"><img loading=\"lazy\" decoding=\"async\" width=\"700\" height=\"466\" src=\"https:\/\/bas-tv.md\/wp-content\/uploads\/2024\/10\/22001558_big1646137622.jpg\" class=\"attachment-2048x2048 size-2048x2048 wp-image-130776\" alt=\"Turul II al Alegerilor Preziden\u021biale din Republica Moldova: Detalii \u0219i Context\" srcset=\"https:\/\/bas-tv.md\/wp-content\/uploads\/2024\/10\/22001558_big1646137622.jpg 700w, https:\/\/bas-tv.md\/wp-content\/uploads\/2024\/10\/22001558_big1646137622-300x200.jpg 300w\" sizes=\"(max-width: 700px) 100vw, 700px\" \/><\/div>\n\t\t<\/a>\n\t\t\t\t<div class=\"elementor-post__text\">\n\t\t\t\t<h3 class=\"elementor-post__title\">\n\t\t\t<a href=\"https:\/\/bas-tv.md\/ro\/turul-ii-al-alegerilor-prezidentiale-din-republica-moldova-detalii-si-context\/\" >\n\t\t\t\tTurul II al Alegerilor Preziden\u021biale din Republica Moldova: Detalii \u0219i Context\t\t\t<\/a>\n\t\t<\/h3>\n\t\t\t\t<\/div>\n\t\t\t\t<\/article>\n\t\t\t\t<article class=\"elementor-post elementor-grid-item post-130762 post type-post status-publish format-standard has-post-thumbnail hentry category-actualitate category-alegeri-2024 category-in-moldova tag-alegerii tag-alexandr-stoianoglo tag-cimislia tag-maia-sandu\">\n\t\t\t\t<a class=\"elementor-post__thumbnail__link\" href=\"https:\/\/bas-tv.md\/ro\/cum-s-a-votat-in-raionul-cimislia-maia-sandu-pe-primul-loc-in-preferintele-electoratului\/\" >\n\t\t\t<div class=\"elementor-post__thumbnail\"><img loading=\"lazy\" decoding=\"async\" width=\"1920\" height=\"1080\" src=\"https:\/\/bas-tv.md\/wp-content\/uploads\/2024\/10\/vlcsnap-2023-11-05-11h29m00s418.png\" class=\"attachment-2048x2048 size-2048x2048 wp-image-130771\" alt=\"Cum s-a votat \u00een raionul Cimi\u0219lia: Maia Sandu - pe primul loc \u00een preferin\u021bele electoratului\" srcset=\"https:\/\/bas-tv.md\/wp-content\/uploads\/2024\/10\/vlcsnap-2023-11-05-11h29m00s418.png 1920w, https:\/\/bas-tv.md\/wp-content\/uploads\/2024\/10\/vlcsnap-2023-11-05-11h29m00s418-300x169.png 300w, https:\/\/bas-tv.md\/wp-content\/uploads\/2024\/10\/vlcsnap-2023-11-05-11h29m00s418-1024x576.png 1024w, https:\/\/bas-tv.md\/wp-content\/uploads\/2024\/10\/vlcsnap-2023-11-05-11h29m00s418-768x432.png 768w, https:\/\/bas-tv.md\/wp-content\/uploads\/2024\/10\/vlcsnap-2023-11-05-11h29m00s418-1536x864.png 1536w, https:\/\/bas-tv.md\/wp-content\/uploads\/2024\/10\/vlcsnap-2023-11-05-11h29m00s418-1200x675.png 1200w\" sizes=\"(max-width: 1920px) 100vw, 1920px\" \/><\/div>\n\t\t<\/a>\n\t\t\t\t<div class=\"elementor-post__text\">\n\t\t\t\t<h3 class=\"elementor-post__title\">\n\t\t\t<a href=\"https:\/\/bas-tv.md\/ro\/cum-s-a-votat-in-raionul-cimislia-maia-sandu-pe-primul-loc-in-preferintele-electoratului\/\" >\n\t\t\t\tCum s-a votat \u00een raionul Cimi\u0219lia: Maia Sandu &#8211; pe primul loc \u00een preferin\u021bele electoratului\t\t\t<\/a>\n\t\t<\/h3>\n\t\t\t\t<\/div>\n\t\t\t\t<\/article>\n\t\t\t\t<article class=\"elementor-post elementor-grid-item post-130750 post type-post status-publish format-standard has-post-thumbnail hentry category-actualitate category-alegeri-2024 category-in-basarabeasca tag-alegerile-prezidentiale tag-basarabeasca-ro\">\n\t\t\t\t<a class=\"elementor-post__thumbnail__link\" href=\"https:\/\/bas-tv.md\/ro\/cum-s-a-votat-in-raionul-basarabeasca-la-alegerile-prezidentiale-2024\/\" >\n\t\t\t<div class=\"elementor-post__thumbnail\"><img loading=\"lazy\" decoding=\"async\" width=\"1280\" height=\"718\" src=\"https:\/\/bas-tv.md\/wp-content\/uploads\/2024\/10\/462538036_3659929270985139_7169533720526308266_n.jpg\" class=\"attachment-2048x2048 size-2048x2048 wp-image-130592\" alt=\"Cum s-a votat \u00een raionul Basarabeasca la Alegerile Preziden\u021biale 2024\" srcset=\"https:\/\/bas-tv.md\/wp-content\/uploads\/2024\/10\/462538036_3659929270985139_7169533720526308266_n.jpg 1280w, https:\/\/bas-tv.md\/wp-content\/uploads\/2024\/10\/462538036_3659929270985139_7169533720526308266_n-300x168.jpg 300w, https:\/\/bas-tv.md\/wp-content\/uploads\/2024\/10\/462538036_3659929270985139_7169533720526308266_n-1024x574.jpg 1024w, https:\/\/bas-tv.md\/wp-content\/uploads\/2024\/10\/462538036_3659929270985139_7169533720526308266_n-768x431.jpg 768w, https:\/\/bas-tv.md\/wp-content\/uploads\/2024\/10\/462538036_3659929270985139_7169533720526308266_n-1200x673.jpg 1200w\" sizes=\"(max-width: 1280px) 100vw, 1280px\" \/><\/div>\n\t\t<\/a>\n\t\t\t\t<div class=\"elementor-post__text\">\n\t\t\t\t<h3 class=\"elementor-post__title\">\n\t\t\t<a href=\"https:\/\/bas-tv.md\/ro\/cum-s-a-votat-in-raionul-basarabeasca-la-alegerile-prezidentiale-2024\/\" >\n\t\t\t\tCum s-a votat \u00een raionul Basarabeasca la Alegerile Preziden\u021biale 2024\t\t\t<\/a>\n\t\t<\/h3>\n\t\t\t\t<\/div>\n\t\t\t\t<\/article>\n\t\t\t\t<article class=\"elementor-post elementor-grid-item post-130480 post type-post status-publish format-standard has-post-thumbnail hentry category-alegeri-2024 tag-alegeri tag-alegeri-20-octombrie tag-alegeri-2024 tag-alegeri-2024-moldova tag-alegeri-prezidentiale-2024 tag-bloc tag-mcabinet tag-portalul-cetateanului tag-semnatura-electronica\">\n\t\t\t\t<a class=\"elementor-post__thumbnail__link\" href=\"https:\/\/bas-tv.md\/ro\/noutate-pentru-detinatorii-de-semnatura-electronica-portalul-cetateanului-ofera-acces-la-un-nou-bloc-dedicat-alegerilor-din-20-octombrie-2024\/\" >\n\t\t\t<div class=\"elementor-post__thumbnail\"><img loading=\"lazy\" decoding=\"async\" width=\"612\" height=\"408\" src=\"https:\/\/bas-tv.md\/wp-content\/uploads\/2024\/10\/istockphoto-2158656402-612x612-1.jpg\" class=\"attachment-2048x2048 size-2048x2048 wp-image-130484\" alt=\"\" srcset=\"https:\/\/bas-tv.md\/wp-content\/uploads\/2024\/10\/istockphoto-2158656402-612x612-1.jpg 612w, https:\/\/bas-tv.md\/wp-content\/uploads\/2024\/10\/istockphoto-2158656402-612x612-1-300x200.jpg 300w\" sizes=\"(max-width: 612px) 100vw, 612px\" \/><\/div>\n\t\t<\/a>\n\t\t\t\t<div class=\"elementor-post__text\">\n\t\t\t\t<h3 class=\"elementor-post__title\">\n\t\t\t<a href=\"https:\/\/bas-tv.md\/ro\/noutate-pentru-detinatorii-de-semnatura-electronica-portalul-cetateanului-ofera-acces-la-un-nou-bloc-dedicat-alegerilor-din-20-octombrie-2024\/\" >\n\t\t\t\tNoutate pentru de\u021bin\u0103torii de semn\u0103tur\u0103 electronic\u0103: Portalul Cet\u0103\u021beanului ofer\u0103 acces la un nou bloc dedicat alegerilor din 20 octombrie 2024\t\t\t<\/a>\n\t\t<\/h3>\n\t\t\t\t<\/div>\n\t\t\t\t<\/article>\n\t\t\t\t<\/div>\n\n\n\t\t\n\t\t\t\t\t\t<\/div>\n\t\t\t\t<\/div>\n\t\t\t\t\t<\/div>\n\t\t\t\t<\/div>\n\t\t\t\t<\/div>\n\t\t","protected":false},"excerpt":{"rendered":"<p>Alegeri-2024<\/p>\n","protected":false},"author":1,"featured_media":0,"parent":0,"menu_order":0,"comment_status":"closed","ping_status":"closed","template":"","meta":{"footnotes":""},"class_list":["post-129076","page","type-page","status-publish","hentry"],"yoast_head":"<!-- This site is optimized with the Yoast SEO plugin v27.4 - https:\/\/yoast.com\/product\/yoast-seo-wordpress\/ -->\n<title>Alegeri-2024 - BasTV<\/title>\n<meta name=\"robots\" content=\"index, follow, max-snippet:-1, max-image-preview:large, max-video-preview:-1\" \/>\n<link rel=\"canonical\" href=\"https:\/\/bas-tv.md\/ro\/alegeri-2024\/\" \/>\n<meta property=\"og:locale\" content=\"ro_RO\" \/>\n<meta property=\"og:type\" content=\"article\" \/>\n<meta property=\"og:title\" content=\"Alegeri-2024 - BasTV\" \/>\n<meta property=\"og:description\" content=\"Alegeri-2024\" \/>\n<meta property=\"og:url\" content=\"https:\/\/bas-tv.md\/ro\/alegeri-2024\/\" \/>\n<meta property=\"og:site_name\" content=\"BasTV\" \/>\n<meta property=\"article:modified_time\" content=\"2024-09-30T05:05:38+00:00\" \/>\n<meta name=\"twitter:card\" content=\"summary_large_image\" \/>\n<meta name=\"twitter:label1\" content=\"Timp estimat pentru citire\" \/>\n\t<meta name=\"twitter:data1\" content=\"1 minut\" \/>\n<script type=\"application\/ld+json\" class=\"yoast-schema-graph\">{\"@context\":\"https:\\\/\\\/schema.org\",\"@graph\":[{\"@type\":\"WebPage\",\"@id\":\"https:\\\/\\\/bas-tv.md\\\/ro\\\/alegeri-2024\\\/\",\"url\":\"https:\\\/\\\/bas-tv.md\\\/ro\\\/alegeri-2024\\\/\",\"name\":\"Alegeri-2024 - BasTV\",\"isPartOf\":{\"@id\":\"https:\\\/\\\/bas-tv.md\\\/ro\\\/#website\"},\"datePublished\":\"2024-09-30T05:02:30+00:00\",\"dateModified\":\"2024-09-30T05:05:38+00:00\",\"inLanguage\":\"ro-RO\",\"potentialAction\":[{\"@type\":\"ReadAction\",\"target\":[\"https:\\\/\\\/bas-tv.md\\\/ro\\\/alegeri-2024\\\/\"]}]},{\"@type\":\"WebSite\",\"@id\":\"https:\\\/\\\/bas-tv.md\\\/ro\\\/#website\",\"url\":\"https:\\\/\\\/bas-tv.md\\\/ro\\\/\",\"name\":\"BasTV\",\"description\":\"Moldova\",\"publisher\":{\"@id\":\"https:\\\/\\\/bas-tv.md\\\/ro\\\/#organization\"},\"potentialAction\":[{\"@type\":\"SearchAction\",\"target\":{\"@type\":\"EntryPoint\",\"urlTemplate\":\"https:\\\/\\\/bas-tv.md\\\/ro\\\/?s={search_term_string}\"},\"query-input\":{\"@type\":\"PropertyValueSpecification\",\"valueRequired\":true,\"valueName\":\"search_term_string\"}}],\"inLanguage\":\"ro-RO\"},{\"@type\":\"Organization\",\"@id\":\"https:\\\/\\\/bas-tv.md\\\/ro\\\/#organization\",\"name\":\"BasTV\",\"url\":\"https:\\\/\\\/bas-tv.md\\\/ro\\\/\",\"logo\":{\"@type\":\"ImageObject\",\"inLanguage\":\"ro-RO\",\"@id\":\"https:\\\/\\\/bas-tv.md\\\/ro\\\/#\\\/schema\\\/logo\\\/image\\\/\",\"url\":\"https:\\\/\\\/bas-tv.md\\\/wp-content\\\/uploads\\\/2023\\\/05\\\/bas-tv-culoarea-rosie.png\",\"contentUrl\":\"https:\\\/\\\/bas-tv.md\\\/wp-content\\\/uploads\\\/2023\\\/05\\\/bas-tv-culoarea-rosie.png\",\"width\":202,\"height\":50,\"caption\":\"BasTV\"},\"image\":{\"@id\":\"https:\\\/\\\/bas-tv.md\\\/ro\\\/#\\\/schema\\\/logo\\\/image\\\/\"}}]}<\/script>\n<!-- \/ Yoast SEO plugin. -->","yoast_head_json":{"title":"Alegeri-2024 - BasTV","robots":{"index":"index","follow":"follow","max-snippet":"max-snippet:-1","max-image-preview":"max-image-preview:large","max-video-preview":"max-video-preview:-1"},"canonical":"https:\/\/bas-tv.md\/ro\/alegeri-2024\/","og_locale":"ro_RO","og_type":"article","og_title":"Alegeri-2024 - BasTV","og_description":"Alegeri-2024","og_url":"https:\/\/bas-tv.md\/ro\/alegeri-2024\/","og_site_name":"BasTV","article_modified_time":"2024-09-30T05:05:38+00:00","twitter_card":"summary_large_image","twitter_misc":{"Timp estimat pentru citire":"1 minut"},"schema":{"@context":"https:\/\/schema.org","@graph":[{"@type":"WebPage","@id":"https:\/\/bas-tv.md\/ro\/alegeri-2024\/","url":"https:\/\/bas-tv.md\/ro\/alegeri-2024\/","name":"Alegeri-2024 - BasTV","isPartOf":{"@id":"https:\/\/bas-tv.md\/ro\/#website"},"datePublished":"2024-09-30T05:02:30+00:00","dateModified":"2024-09-30T05:05:38+00:00","inLanguage":"ro-RO","potentialAction":[{"@type":"ReadAction","target":["https:\/\/bas-tv.md\/ro\/alegeri-2024\/"]}]},{"@type":"WebSite","@id":"https:\/\/bas-tv.md\/ro\/#website","url":"https:\/\/bas-tv.md\/ro\/","name":"BasTV","description":"Moldova","publisher":{"@id":"https:\/\/bas-tv.md\/ro\/#organization"},"potentialAction":[{"@type":"SearchAction","target":{"@type":"EntryPoint","urlTemplate":"https:\/\/bas-tv.md\/ro\/?s={search_term_string}"},"query-input":{"@type":"PropertyValueSpecification","valueRequired":true,"valueName":"search_term_string"}}],"inLanguage":"ro-RO"},{"@type":"Organization","@id":"https:\/\/bas-tv.md\/ro\/#organization","name":"BasTV","url":"https:\/\/bas-tv.md\/ro\/","logo":{"@type":"ImageObject","inLanguage":"ro-RO","@id":"https:\/\/bas-tv.md\/ro\/#\/schema\/logo\/image\/","url":"https:\/\/bas-tv.md\/wp-content\/uploads\/2023\/05\/bas-tv-culoarea-rosie.png","contentUrl":"https:\/\/bas-tv.md\/wp-content\/uploads\/2023\/05\/bas-tv-culoarea-rosie.png","width":202,"height":50,"caption":"BasTV"},"image":{"@id":"https:\/\/bas-tv.md\/ro\/#\/schema\/logo\/image\/"}}]}},"_links":{"self":[{"href":"https:\/\/bas-tv.md\/ro\/wp-json\/wp\/v2\/pages\/129076","targetHints":{"allow":["GET"]}}],"collection":[{"href":"https:\/\/bas-tv.md\/ro\/wp-json\/wp\/v2\/pages"}],"about":[{"href":"https:\/\/bas-tv.md\/ro\/wp-json\/wp\/v2\/types\/page"}],"author":[{"embeddable":true,"href":"https:\/\/bas-tv.md\/ro\/wp-json\/wp\/v2\/users\/1"}],"replies":[{"embeddable":true,"href":"https:\/\/bas-tv.md\/ro\/wp-json\/wp\/v2\/comments?post=129076"}],"version-history":[{"count":4,"href":"https:\/\/bas-tv.md\/ro\/wp-json\/wp\/v2\/pages\/129076\/revisions"}],"predecessor-version":[{"id":129088,"href":"https:\/\/bas-tv.md\/ro\/wp-json\/wp\/v2\/pages\/129076\/revisions\/129088"}],"wp:attachment":[{"href":"https:\/\/bas-tv.md\/ro\/wp-json\/wp\/v2\/media?parent=129076"}],"curies":[{"name":"wp","href":"https:\/\/api.w.org\/{rel}","templated":true}]}}