{"id":81324,"date":"2022-10-31T20:28:46","date_gmt":"2022-10-31T18:28:46","guid":{"rendered":"https:\/\/bas-tv.md\/despre-noi\/"},"modified":"2026-03-02T16:44:40","modified_gmt":"2026-03-02T14:44:40","slug":"despre-noi","status":"publish","type":"page","link":"https:\/\/bas-tv.md\/ro\/despre-noi\/","title":{"rendered":"Despre noi"},"content":{"rendered":"\t\t<div data-elementor-type=\"wp-page\" data-elementor-id=\"81324\" class=\"elementor elementor-81324 elementor-854\" data-elementor-post-type=\"page\">\n\t\t\t\t<div class=\"has_eae_slider elementor-element elementor-element-fe5ae2e e-flex e-con-boxed e-con e-parent\" data-eae-slider=\"80261\" data-id=\"fe5ae2e\" data-element_type=\"container\" data-e-type=\"container\">\n\t\t\t\t\t<div class=\"e-con-inner\">\n\t\t\t\t<div class=\"elementor-element elementor-element-c501a24 elementor-widget elementor-widget-text-editor\" data-id=\"c501a24\" data-element_type=\"widget\" data-e-type=\"widget\" data-widget_type=\"text-editor.default\">\n\t\t\t\t<div class=\"elementor-widget-container\">\n\t\t\t\t\t\t\t\t\t<h3 style=\"text-align: left;\"><strong>Despre noi<\/strong><\/h3><h5 style=\"text-align: left;\">BAStv este un media online regional independent, care reflect\u0103 evenimentele din raionul Basarabeasca, raioanele \u00eenvecinate \u0219i dincolo de acestea.<\/h5><h5 style=\"text-align: left;\">Activ\u0103m \u00een baza unei politici editoriale independente \u0219i suntem semnatari ai Codului deontologic al jurnalistului din Republica Moldova. \u00cen activitatea noastr\u0103, redac\u021bia se ghideaz\u0103 dup\u0103 principiile acurate\u021bei, echilibrului opiniilor, verific\u0103rii faptelor \u0219i separ\u0103rii faptelor de opinii.<\/h5><h5 style=\"text-align: left;\">Misiunea noastr\u0103 este s\u0103 analiz\u0103m procesele politice, economice \u0219i sociale din regiune \u0219i s\u0103 fim o surs\u0103 sigur\u0103 de informa\u021bie actual\u0103, corect\u0103 \u0219i util\u0103 pentru comunitate, contribuind la luarea unor decizii informate.<\/h5><h3 style=\"text-align: left;\"><strong>Istoric<\/strong><\/h3><h5 style=\"text-align: left;\">Postul de televiziune BAStv a \u00eenceput s\u0103 emit\u0103 \u00een aprilie 1998, iar radioul BASfm \u2014 \u00een mai 2005, devenind primele \u0219i singurele media locale din raionul Basarabeasca timp de mul\u021bi ani.<\/h5><h5 style=\"text-align: left;\">Din 2020, redac\u021bia a dezvoltat activ platformele digitale. \u00cen iunie 2024 am renun\u021bat la licen\u021ba TV, iar \u00een noiembrie 2025 \u2014 la licen\u021ba radio, activ\u00e2nd \u00een prezent exclusiv ca media online.<\/h5><h5 style=\"text-align: left;\">Ast\u0103zi, BAStv este o platform\u0103 multimedia modern\u0103 care reune\u0219te site-ul \u0219i re\u021belele sociale.<\/h5><h3 style=\"text-align: left;\"><strong>Publicul nostru<\/strong><\/h3><h5 style=\"text-align: left;\">Publicul \u021bint\u0103 al BAStv sunt locuitorii raionului Basarabeasca, ai raioanelor \u00eenvecinate, precum \u0219i ai diasporei moldovene\u0219ti.<\/h5><h5 style=\"text-align: left;\">Categoria principal\u0103 de v\u00e2rst\u0103 este 25\u201355 de ani. Sunt femei \u0219i b\u0103rba\u021bi activi social, cu venituri medii \u0219i peste medie, preponderent cu studii superioare sau medii de specialitate. Sunt interesa\u021bi de economie, politic\u0103, dezvoltarea regiunii \u0219i procesele sociale.<\/h5><h5 style=\"text-align: left;\">Structura lingvistic\u0103 a audien\u021bei:<\/h5><ul style=\"text-align: left;\"><li><h5>70% vorbitori de limb\u0103 rus\u0103;<\/h5><\/li><li><h5>30% vorbitori de limb\u0103 rom\u00e2n\u0103;<\/h5><\/li><li><h5>o parte semnificativ\u0103 sunt bilingvi.<\/h5><\/li><\/ul><h5 style=\"text-align: left;\">Platforme \u0219i acoperire<\/h5><h5 style=\"text-align: left;\">BAStv este prezent pe principalele platforme digitale:<\/h5><ul style=\"text-align: left;\"><li><h5>site-ul bastv.md<\/h5><\/li><li><h5>YouTube<\/h5><\/li><li><h5>Facebook<\/h5><\/li><li><h5>Instagram<\/h5><\/li><li><h5>TikTok<\/h5><\/li><li><h5>Telegram<\/h5><\/li><\/ul><h5 style=\"text-align: left;\">\u00cen anul 2025:<\/h5><ul style=\"text-align: left;\"><li><h5>peste 640 700 utilizatori unici ai site-ului;<\/h5><\/li><li><h5>acoperire lunar\u0103 total\u0103 pe toate platformele \u2014 aproximativ 2 000 000 vizualiz\u0103ri.<\/h5><\/li><\/ul><h5 style=\"text-align: left;\">Public\u0103m \u0219tiri, reportaje, investiga\u021bii, materiale ample, transmisiuni live, podcasturi, dezbateri \u0219i formate interactive.<\/h5><h3 style=\"text-align: left;\"><strong>Echipa BAStv<\/strong><\/h3><h5 style=\"text-align: left;\">Fondatorul companiei \u201eLV-Topal\u201d SRL este Vladimir Topal.<\/h5><h5 style=\"text-align: left;\">\u00cen prezent, redac\u021bia este format\u0103 din 8 angaja\u021bi:<\/h5><h5 style=\"text-align: left;\">Ludmila Topal \u2014 director<\/h5><h5 style=\"text-align: left;\">Tamara Kiselari \u2014 contabil-\u0219ef<\/h5><h5 style=\"text-align: left;\">Inna Gurgurova \u2014 redactor-\u0219ef<\/h5><h5 style=\"text-align: left;\">Anatolii Terzinov \u2014 director tehnic<\/h5><h5 style=\"text-align: left;\">Irina L\u00eesenko \u2014 jurnalist<\/h5><h5 style=\"text-align: left;\">Elena Sibova \u2014 jurnalist<\/h5><h5 style=\"text-align: left;\">Evghenii Gurgurov \u2014 operator video \/ montaj<\/h5><h5 style=\"text-align: left;\">Irina Globa \u2014 manager SMM<\/h5><h5 style=\"text-align: left;\">Echipa noastr\u0103 reune\u0219te jurnali\u0219ti, speciali\u0219ti tehnici \u0219i manageri care asigur\u0103 produc\u021bia zilnic\u0103 de con\u021binut multimedia \u0219i dezvoltarea platformelor BAStv.<\/h5>\t\t\t\t\t\t\t\t<\/div>\n\t\t\t\t<\/div>\n\t\t\t\t\t<\/div>\n\t\t\t\t<\/div>\n\t\t<div class=\"has_eae_slider elementor-element elementor-element-2950583 e-flex e-con-boxed e-con e-parent\" data-eae-slider=\"62774\" data-id=\"2950583\" data-element_type=\"container\" data-e-type=\"container\">\n\t\t\t\t\t<div class=\"e-con-inner\">\n\t\t<div class=\"has_eae_slider elementor-element elementor-element-3fe3b5e e-con-full e-flex e-con e-child\" data-eae-slider=\"37071\" data-id=\"3fe3b5e\" data-element_type=\"container\" data-e-type=\"container\">\n\t\t\t\t<div class=\"elementor-element elementor-element-efbe6da elementor-widget elementor-widget-text-editor\" data-id=\"efbe6da\" data-element_type=\"widget\" data-e-type=\"widget\" data-widget_type=\"text-editor.default\">\n\t\t\t\t<div class=\"elementor-widget-container\">\n\t\t\t\t\t\t\t\t\t<h3><a href=\"https:\/\/bas-tv.md\/wp-content\/uploads\/2026\/03\/srl-lv-topal_situatiile-financiare_a2025.pdf\" target=\"_blank\" rel=\"noopener\">Raportul financiar 2025<\/a><\/h3>\t\t\t\t\t\t\t\t<\/div>\n\t\t\t\t<\/div>\n\t\t\t\t<\/div>\n\t\t<div class=\"has_eae_slider elementor-element elementor-element-affc60b e-con-full e-flex e-con e-child\" data-eae-slider=\"8689\" data-id=\"affc60b\" data-element_type=\"container\" data-e-type=\"container\">\n\t\t\t\t<div class=\"elementor-element elementor-element-0f1d203 elementor-widget elementor-widget-text-editor\" data-id=\"0f1d203\" data-element_type=\"widget\" data-e-type=\"widget\" data-widget_type=\"text-editor.default\">\n\t\t\t\t<div class=\"elementor-widget-container\">\n\t\t\t\t\t\t\t\t\t<h3><a href=\"https:\/\/bas-tv.md\/wp-content\/uploads\/2026\/03\/raport_privind_sursele_de_finantare_si_utilizarea_mijloacelor_financiare.pdf\" target=\"_blank\" rel=\"noopener\">Raport privind sursele de finan\u021bare \u0219i utilizarea mijloacelor financiare<\/a><\/h3>\t\t\t\t\t\t\t\t<\/div>\n\t\t\t\t<\/div>\n\t\t\t\t<\/div>\n\t\t<div class=\"has_eae_slider elementor-element elementor-element-6cc6e79 e-con-full e-flex e-con e-child\" data-eae-slider=\"70815\" data-id=\"6cc6e79\" data-element_type=\"container\" data-e-type=\"container\">\n\t\t\t\t<div class=\"elementor-element elementor-element-12e5fe0 elementor-widget elementor-widget-text-editor\" data-id=\"12e5fe0\" data-element_type=\"widget\" data-e-type=\"widget\" data-widget_type=\"text-editor.default\">\n\t\t\t\t<div class=\"elementor-widget-container\">\n\t\t\t\t\t\t\t\t\t<h3><a href=\"https:\/\/bas-tv.md\/wp-content\/uploads\/2026\/03\/otchyot-bastv_2025.pdf\" target=\"_blank\" rel=\"noopener\">\u041e\u0442\u0447\u0451\u0442 BasTV 2025<\/a><\/h3>\t\t\t\t\t\t\t\t<\/div>\n\t\t\t\t<\/div>\n\t\t\t\t<\/div>\n\t\t\t\t\t<\/div>\n\t\t\t\t<\/div>\n\t\t<div class=\"has_eae_slider elementor-element elementor-element-329f163 e-flex e-con-boxed e-con e-parent\" data-eae-slider=\"5439\" data-id=\"329f163\" data-element_type=\"container\" data-e-type=\"container\">\n\t\t\t\t\t<div class=\"e-con-inner\">\n\t\t<div class=\"has_eae_slider elementor-element elementor-element-717065c e-con-full e-flex e-con e-child\" data-eae-slider=\"46198\" data-id=\"717065c\" data-element_type=\"container\" data-e-type=\"container\">\n\t\t\t\t<div class=\"elementor-element elementor-element-e0e9414 elementor-widget elementor-widget-text-editor\" data-id=\"e0e9414\" data-element_type=\"widget\" data-e-type=\"widget\" data-widget_type=\"text-editor.default\">\n\t\t\t\t<div class=\"elementor-widget-container\">\n\t\t\t\t\t\t\t\t\t<h3><a href=\"https:\/\/bas-tv.md\/wp-content\/uploads\/2025\/06\/raportul-financiar_2024.pdf\" target=\"_blank\" rel=\"noopener\">Raportul financiar 2024<\/a><\/h3>\t\t\t\t\t\t\t\t<\/div>\n\t\t\t\t<\/div>\n\t\t\t\t<\/div>\n\t\t<div class=\"has_eae_slider elementor-element elementor-element-e6a2871 e-con-full e-flex e-con e-child\" data-eae-slider=\"22998\" data-id=\"e6a2871\" data-element_type=\"container\" data-e-type=\"container\">\n\t\t\t\t<div class=\"elementor-element elementor-element-fcbe5e6 elementor-widget elementor-widget-text-editor\" data-id=\"fcbe5e6\" data-element_type=\"widget\" data-e-type=\"widget\" data-widget_type=\"text-editor.default\">\n\t\t\t\t<div class=\"elementor-widget-container\">\n\t\t\t\t\t\t\t\t\t<h3><a href=\"https:\/\/bas-tv.md\/wp-content\/uploads\/2025\/06\/nota-explicativa-a.2024-srl-lv-topal.pdf\" target=\"_blank\" rel=\"noopener\">Nota explicativ\u0103 la Situa\u021biile Financiare pentru anul 2024<\/a><\/h3>\t\t\t\t\t\t\t\t<\/div>\n\t\t\t\t<\/div>\n\t\t\t\t<\/div>\n\t\t<div class=\"has_eae_slider elementor-element elementor-element-45c1d59 e-con-full e-flex e-con e-child\" data-eae-slider=\"92889\" data-id=\"45c1d59\" data-element_type=\"container\" data-e-type=\"container\">\n\t\t\t\t<\/div>\n\t\t\t\t\t<\/div>\n\t\t\t\t<\/div>\n\t\t<div class=\"has_eae_slider elementor-element elementor-element-056029b e-flex e-con-boxed e-con e-parent\" data-eae-slider=\"95999\" data-id=\"056029b\" data-element_type=\"container\" data-e-type=\"container\">\n\t\t\t\t\t<div class=\"e-con-inner\">\n\t\t<div class=\"has_eae_slider elementor-element elementor-element-82bd274 e-con-full e-flex e-con e-child\" data-eae-slider=\"26202\" data-id=\"82bd274\" data-element_type=\"container\" data-e-type=\"container\">\n\t\t\t\t<div class=\"elementor-element elementor-element-713459e elementor-widget elementor-widget-text-editor\" data-id=\"713459e\" data-element_type=\"widget\" data-e-type=\"widget\" data-widget_type=\"text-editor.default\">\n\t\t\t\t<div class=\"elementor-widget-container\">\n\t\t\t\t\t\t\t\t\t<h3><a href=\"https:\/\/bas-tv.md\/wp-content\/uploads\/2025\/05\/raportul-anual-de-activitate_bastv_2024.semnat.pdf\" target=\"_blank\" rel=\"noopener\">Raportul de activitate anual BasTV 2024<\/a><\/h3>\t\t\t\t\t\t\t\t<\/div>\n\t\t\t\t<\/div>\n\t\t\t\t<\/div>\n\t\t<div class=\"has_eae_slider elementor-element elementor-element-445da56 e-con-full e-flex e-con e-child\" data-eae-slider=\"89806\" data-id=\"445da56\" data-element_type=\"container\" data-e-type=\"container\">\n\t\t\t\t<div class=\"elementor-element elementor-element-e1faeda elementor-widget elementor-widget-text-editor\" data-id=\"e1faeda\" data-element_type=\"widget\" data-e-type=\"widget\" data-widget_type=\"text-editor.default\">\n\t\t\t\t<div class=\"elementor-widget-container\">\n\t\t\t\t\t\t\t\t\t<h3><a href=\"https:\/\/bas-tv.md\/wp-content\/uploads\/2025\/05\/raportul-anual-de-activitate_basfm_2024.semnat.pdf\" target=\"_blank\" rel=\"noopener\">Raportul de activitate anual BasFM 2024<\/a><\/h3>\t\t\t\t\t\t\t\t<\/div>\n\t\t\t\t<\/div>\n\t\t\t\t<\/div>\n\t\t<div class=\"has_eae_slider elementor-element elementor-element-0b41655 e-con-full e-flex e-con e-child\" data-eae-slider=\"84984\" data-id=\"0b41655\" data-element_type=\"container\" data-e-type=\"container\">\n\t\t\t\t<div class=\"elementor-element elementor-element-6d0d0f0 elementor-widget elementor-widget-text-editor\" data-id=\"6d0d0f0\" data-element_type=\"widget\" data-e-type=\"widget\" data-widget_type=\"text-editor.default\">\n\t\t\t\t<div class=\"elementor-widget-container\">\n\t\t\t\t\t\t\t\t\t<h3><a href=\"https:\/\/bas-tv.md\/wp-content\/uploads\/2025\/05\/otchyot-o-deyatelnosti-bastv-v-2025-godu.pdf\" target=\"_blank\" rel=\"noopener\">\u041e\u0442\u0447\u0451\u0442 BasTV 2024<\/a><\/h3>\t\t\t\t\t\t\t\t<\/div>\n\t\t\t\t<\/div>\n\t\t\t\t<\/div>\n\t\t\t\t\t<\/div>\n\t\t\t\t<\/div>\n\t\t<div class=\"has_eae_slider elementor-element elementor-element-dc4251f e-flex e-con-boxed e-con e-parent\" data-eae-slider=\"83561\" data-id=\"dc4251f\" data-element_type=\"container\" data-e-type=\"container\">\n\t\t\t\t\t<div class=\"e-con-inner\">\n\t\t<div class=\"has_eae_slider elementor-element elementor-element-5f95866 e-con-full e-flex e-con e-child\" data-eae-slider=\"18470\" data-id=\"5f95866\" data-element_type=\"container\" data-e-type=\"container\">\n\t\t\t\t<div class=\"elementor-element elementor-element-698eb9d elementor-widget elementor-widget-text-editor\" data-id=\"698eb9d\" data-element_type=\"widget\" data-e-type=\"widget\" data-widget_type=\"text-editor.default\">\n\t\t\t\t<div class=\"elementor-widget-container\">\n\t\t\t\t\t\t\t\t\t<h3><a href=\"https:\/\/bas-tv.md\/wp-content\/uploads\/2024\/11\/raportului-de-activitate-anual-bastv-2023.semnat.pdf\">Raportul de activitate anual BasTV 2023<\/a><\/h3>\n\t\t\t\t\t\t\t\t<\/div>\n\t\t\t\t<\/div>\n\t\t\t\t<\/div>\n\t\t<div class=\"has_eae_slider elementor-element elementor-element-5f8d90d e-con-full e-flex e-con e-child\" data-eae-slider=\"73408\" data-id=\"5f8d90d\" data-element_type=\"container\" data-e-type=\"container\">\n\t\t\t\t<div class=\"elementor-element elementor-element-eacd1fb elementor-widget elementor-widget-text-editor\" data-id=\"eacd1fb\" data-element_type=\"widget\" data-e-type=\"widget\" data-widget_type=\"text-editor.default\">\n\t\t\t\t<div class=\"elementor-widget-container\">\n\t\t\t\t\t\t\t\t\t<h3><a href=\"https:\/\/bas-tv.md\/wp-content\/uploads\/2024\/11\/raportului-de-activitate-anual-basfm-2023.semnat-2.pdf\">Raportul de activitate anual BasFM 2023<\/a><\/h3>\n\t\t\t\t\t\t\t\t<\/div>\n\t\t\t\t<\/div>\n\t\t\t\t<\/div>\n\t\t<div class=\"has_eae_slider elementor-element elementor-element-5220d3c e-con-full e-flex e-con e-child\" data-eae-slider=\"52337\" data-id=\"5220d3c\" data-element_type=\"container\" data-e-type=\"container\">\n\t\t\t\t<div class=\"elementor-element elementor-element-e66a64b elementor-widget elementor-widget-text-editor\" data-id=\"e66a64b\" data-element_type=\"widget\" data-e-type=\"widget\" data-widget_type=\"text-editor.default\">\n\t\t\t\t<div class=\"elementor-widget-container\">\n\t\t\t\t\t\t\t\t\t<h3><a href=\"https:\/\/bas-tv.md\/wp-content\/uploads\/2024\/11\/otchyot_bastv_2023.pdf\">\u041e\u0442\u0447\u0451\u0442 BasTV 2023<\/a><\/h3>\n\t\t\t\t\t\t\t\t<\/div>\n\t\t\t\t<\/div>\n\t\t\t\t<\/div>\n\t\t\t\t\t<\/div>\n\t\t\t\t<\/div>\n\t\t<div class=\"has_eae_slider elementor-element elementor-element-6958f47 e-flex e-con-boxed e-con e-parent\" data-eae-slider=\"55981\" data-id=\"6958f47\" data-element_type=\"container\" data-e-type=\"container\">\n\t\t\t\t\t<div class=\"e-con-inner\">\n\t\t<div class=\"has_eae_slider elementor-element elementor-element-d6b1c86 e-con-full e-flex e-con e-child\" data-eae-slider=\"56491\" data-id=\"d6b1c86\" data-element_type=\"container\" data-e-type=\"container\">\n\t\t\t\t<div class=\"elementor-element elementor-element-072eb77 elementor-widget elementor-widget-text-editor\" data-id=\"072eb77\" data-element_type=\"widget\" data-e-type=\"widget\" data-widget_type=\"text-editor.default\">\n\t\t\t\t<div class=\"elementor-widget-container\">\n\t\t\t\t\t\t\t\t\t<h3><a href=\"https:\/\/bas-tv.md\/wp-content\/uploads\/2023\/06\/raportului-de-activitate-anual-bastv-2022.pdf\">Raportul anual de<\/a><a href=\"https:\/\/bas-tv.md\/wp-content\/uploads\/2023\/06\/raportului-de-activitate-anual-bastv-2022.pdf\"> activitate BasTV &#8211; 2022<\/a><\/h3>\n\t\t\t\t\t\t\t\t<\/div>\n\t\t\t\t<\/div>\n\t\t\t\t<\/div>\n\t\t<div class=\"has_eae_slider elementor-element elementor-element-2c5b2ff e-con-full e-flex e-con e-child\" data-eae-slider=\"64712\" data-id=\"2c5b2ff\" data-element_type=\"container\" data-e-type=\"container\">\n\t\t\t\t<div class=\"elementor-element elementor-element-705b8ab elementor-widget elementor-widget-text-editor\" data-id=\"705b8ab\" data-element_type=\"widget\" data-e-type=\"widget\" data-widget_type=\"text-editor.default\">\n\t\t\t\t<div class=\"elementor-widget-container\">\n\t\t\t\t\t\t\t\t\t<h3><a href=\"https:\/\/bas-tv.md\/wp-content\/uploads\/2023\/06\/raportului-de-activitate-anual-bastv-2022.pdf\">Raportul anual de<\/a><a href=\"https:\/\/bas-tv.md\/wp-content\/uploads\/2023\/06\/raportului-de-activitate-anual-basfm-2022.pdf\"> activitate BasFM &#8211; 2022<\/a><\/h3>\n\t\t\t\t\t\t\t\t<\/div>\n\t\t\t\t<\/div>\n\t\t\t\t<\/div>\n\t\t<div class=\"has_eae_slider elementor-element elementor-element-a616d96 e-con-full e-flex e-con e-child\" data-eae-slider=\"37549\" data-id=\"a616d96\" data-element_type=\"container\" data-e-type=\"container\">\n\t\t\t\t<div class=\"elementor-element elementor-element-15d68be elementor-widget elementor-widget-text-editor\" data-id=\"15d68be\" data-element_type=\"widget\" data-e-type=\"widget\" data-widget_type=\"text-editor.default\">\n\t\t\t\t<div class=\"elementor-widget-container\">\n\t\t\t\t\t\t\t\t\t<h3><a href=\"https:\/\/bas-tv.md\/wp-content\/uploads\/2025\/03\/redakczionnaya-politika-bastv.pdf\" target=\"_blank\" rel=\"noopener\">\u0420\u0435\u0434\u0430\u043a\u0446\u0438\u043e\u043d\u043d\u0430\u044f \u043f\u043e\u043b\u0438\u0442\u0438\u043a\u0430 BasTV<\/a><\/h3>\n\t\t\t\t\t\t\t\t<\/div>\n\t\t\t\t<\/div>\n\t\t\t\t<\/div>\n\t\t\t\t\t<\/div>\n\t\t\t\t<\/div>\n\t\t\t\t<\/div>\n\t\t","protected":false},"excerpt":{"rendered":"<p>Despre noi BAStv este un media online regional independent, care reflect\u0103 evenimentele din raionul Basarabeasca, raioanele \u00eenvecinate \u0219i dincolo de acestea. Activ\u0103m \u00een baza unei politici editoriale independente \u0219i suntem semnatari ai Codului deontologic al jurnalistului din Republica Moldova. \u00cen activitatea noastr\u0103, redac\u021bia se ghideaz\u0103 dup\u0103 principiile acurate\u021bei, echilibrului opiniilor, verific\u0103rii faptelor \u0219i separ\u0103rii faptelor [&hellip;]<\/p>\n","protected":false},"author":1,"featured_media":0,"parent":0,"menu_order":0,"comment_status":"closed","ping_status":"closed","template":"","meta":{"footnotes":""},"class_list":["post-81324","page","type-page","status-publish","hentry"],"yoast_head":"<!-- This site is optimized with the Yoast SEO plugin v27.5 - https:\/\/yoast.com\/product\/yoast-seo-wordpress\/ -->\n<title>Despre noi - BasTV<\/title>\n<meta name=\"robots\" content=\"index, follow, max-snippet:-1, max-image-preview:large, max-video-preview:-1\" \/>\n<link rel=\"canonical\" href=\"https:\/\/bas-tv.md\/ro\/despre-noi\/\" \/>\n<meta property=\"og:locale\" content=\"ro_RO\" \/>\n<meta property=\"og:type\" content=\"article\" \/>\n<meta property=\"og:title\" content=\"Despre noi - BasTV\" \/>\n<meta property=\"og:description\" content=\"Despre noi BAStv este un media online regional independent, care reflect\u0103 evenimentele din raionul Basarabeasca, raioanele \u00eenvecinate \u0219i dincolo de acestea. Activ\u0103m \u00een baza unei politici editoriale independente \u0219i suntem semnatari ai Codului deontologic al jurnalistului din Republica Moldova. \u00cen activitatea noastr\u0103, redac\u021bia se ghideaz\u0103 dup\u0103 principiile acurate\u021bei, echilibrului opiniilor, verific\u0103rii faptelor \u0219i separ\u0103rii faptelor [&hellip;]\" \/>\n<meta property=\"og:url\" content=\"https:\/\/bas-tv.md\/ro\/despre-noi\/\" \/>\n<meta property=\"og:site_name\" content=\"BasTV\" \/>\n<meta property=\"article:modified_time\" content=\"2026-03-02T14:44:40+00:00\" \/>\n<meta name=\"twitter:card\" content=\"summary_large_image\" \/>\n<meta name=\"twitter:label1\" content=\"Timp estimat pentru citire\" \/>\n\t<meta name=\"twitter:data1\" content=\"3 minute\" \/>\n<script type=\"application\/ld+json\" class=\"yoast-schema-graph\">{\"@context\":\"https:\\\/\\\/schema.org\",\"@graph\":[{\"@type\":\"WebPage\",\"@id\":\"https:\\\/\\\/bas-tv.md\\\/ro\\\/despre-noi\\\/\",\"url\":\"https:\\\/\\\/bas-tv.md\\\/ro\\\/despre-noi\\\/\",\"name\":\"Despre noi - BasTV\",\"isPartOf\":{\"@id\":\"https:\\\/\\\/bas-tv.md\\\/ro\\\/#website\"},\"datePublished\":\"2022-10-31T18:28:46+00:00\",\"dateModified\":\"2026-03-02T14:44:40+00:00\",\"inLanguage\":\"ro-RO\",\"potentialAction\":[{\"@type\":\"ReadAction\",\"target\":[\"https:\\\/\\\/bas-tv.md\\\/ro\\\/despre-noi\\\/\"]}]},{\"@type\":\"WebSite\",\"@id\":\"https:\\\/\\\/bas-tv.md\\\/ro\\\/#website\",\"url\":\"https:\\\/\\\/bas-tv.md\\\/ro\\\/\",\"name\":\"BasTV\",\"description\":\"Moldova\",\"publisher\":{\"@id\":\"https:\\\/\\\/bas-tv.md\\\/ro\\\/#organization\"},\"potentialAction\":[{\"@type\":\"SearchAction\",\"target\":{\"@type\":\"EntryPoint\",\"urlTemplate\":\"https:\\\/\\\/bas-tv.md\\\/ro\\\/?s={search_term_string}\"},\"query-input\":{\"@type\":\"PropertyValueSpecification\",\"valueRequired\":true,\"valueName\":\"search_term_string\"}}],\"inLanguage\":\"ro-RO\"},{\"@type\":\"Organization\",\"@id\":\"https:\\\/\\\/bas-tv.md\\\/ro\\\/#organization\",\"name\":\"BasTV\",\"url\":\"https:\\\/\\\/bas-tv.md\\\/ro\\\/\",\"logo\":{\"@type\":\"ImageObject\",\"inLanguage\":\"ro-RO\",\"@id\":\"https:\\\/\\\/bas-tv.md\\\/ro\\\/#\\\/schema\\\/logo\\\/image\\\/\",\"url\":\"https:\\\/\\\/bas-tv.md\\\/wp-content\\\/uploads\\\/2023\\\/05\\\/bas-tv-culoarea-rosie.png\",\"contentUrl\":\"https:\\\/\\\/bas-tv.md\\\/wp-content\\\/uploads\\\/2023\\\/05\\\/bas-tv-culoarea-rosie.png\",\"width\":202,\"height\":50,\"caption\":\"BasTV\"},\"image\":{\"@id\":\"https:\\\/\\\/bas-tv.md\\\/ro\\\/#\\\/schema\\\/logo\\\/image\\\/\"}}]}<\/script>\n<!-- \/ Yoast SEO plugin. -->","yoast_head_json":{"title":"Despre noi - BasTV","robots":{"index":"index","follow":"follow","max-snippet":"max-snippet:-1","max-image-preview":"max-image-preview:large","max-video-preview":"max-video-preview:-1"},"canonical":"https:\/\/bas-tv.md\/ro\/despre-noi\/","og_locale":"ro_RO","og_type":"article","og_title":"Despre noi - BasTV","og_description":"Despre noi BAStv este un media online regional independent, care reflect\u0103 evenimentele din raionul Basarabeasca, raioanele \u00eenvecinate \u0219i dincolo de acestea. Activ\u0103m \u00een baza unei politici editoriale independente \u0219i suntem semnatari ai Codului deontologic al jurnalistului din Republica Moldova. \u00cen activitatea noastr\u0103, redac\u021bia se ghideaz\u0103 dup\u0103 principiile acurate\u021bei, echilibrului opiniilor, verific\u0103rii faptelor \u0219i separ\u0103rii faptelor [&hellip;]","og_url":"https:\/\/bas-tv.md\/ro\/despre-noi\/","og_site_name":"BasTV","article_modified_time":"2026-03-02T14:44:40+00:00","twitter_card":"summary_large_image","twitter_misc":{"Timp estimat pentru citire":"3 minute"},"schema":{"@context":"https:\/\/schema.org","@graph":[{"@type":"WebPage","@id":"https:\/\/bas-tv.md\/ro\/despre-noi\/","url":"https:\/\/bas-tv.md\/ro\/despre-noi\/","name":"Despre noi - BasTV","isPartOf":{"@id":"https:\/\/bas-tv.md\/ro\/#website"},"datePublished":"2022-10-31T18:28:46+00:00","dateModified":"2026-03-02T14:44:40+00:00","inLanguage":"ro-RO","potentialAction":[{"@type":"ReadAction","target":["https:\/\/bas-tv.md\/ro\/despre-noi\/"]}]},{"@type":"WebSite","@id":"https:\/\/bas-tv.md\/ro\/#website","url":"https:\/\/bas-tv.md\/ro\/","name":"BasTV","description":"Moldova","publisher":{"@id":"https:\/\/bas-tv.md\/ro\/#organization"},"potentialAction":[{"@type":"SearchAction","target":{"@type":"EntryPoint","urlTemplate":"https:\/\/bas-tv.md\/ro\/?s={search_term_string}"},"query-input":{"@type":"PropertyValueSpecification","valueRequired":true,"valueName":"search_term_string"}}],"inLanguage":"ro-RO"},{"@type":"Organization","@id":"https:\/\/bas-tv.md\/ro\/#organization","name":"BasTV","url":"https:\/\/bas-tv.md\/ro\/","logo":{"@type":"ImageObject","inLanguage":"ro-RO","@id":"https:\/\/bas-tv.md\/ro\/#\/schema\/logo\/image\/","url":"https:\/\/bas-tv.md\/wp-content\/uploads\/2023\/05\/bas-tv-culoarea-rosie.png","contentUrl":"https:\/\/bas-tv.md\/wp-content\/uploads\/2023\/05\/bas-tv-culoarea-rosie.png","width":202,"height":50,"caption":"BasTV"},"image":{"@id":"https:\/\/bas-tv.md\/ro\/#\/schema\/logo\/image\/"}}]}},"_links":{"self":[{"href":"https:\/\/bas-tv.md\/ro\/wp-json\/wp\/v2\/pages\/81324","targetHints":{"allow":["GET"]}}],"collection":[{"href":"https:\/\/bas-tv.md\/ro\/wp-json\/wp\/v2\/pages"}],"about":[{"href":"https:\/\/bas-tv.md\/ro\/wp-json\/wp\/v2\/types\/page"}],"author":[{"embeddable":true,"href":"https:\/\/bas-tv.md\/ro\/wp-json\/wp\/v2\/users\/1"}],"replies":[{"embeddable":true,"href":"https:\/\/bas-tv.md\/ro\/wp-json\/wp\/v2\/comments?post=81324"}],"version-history":[{"count":17,"href":"https:\/\/bas-tv.md\/ro\/wp-json\/wp\/v2\/pages\/81324\/revisions"}],"predecessor-version":[{"id":175211,"href":"https:\/\/bas-tv.md\/ro\/wp-json\/wp\/v2\/pages\/81324\/revisions\/175211"}],"wp:attachment":[{"href":"https:\/\/bas-tv.md\/ro\/wp-json\/wp\/v2\/media?parent=81324"}],"curies":[{"name":"wp","href":"https:\/\/api.w.org\/{rel}","templated":true}]}}